{"id":72,"date":"2020-05-24T21:10:50","date_gmt":"2020-05-24T21:10:50","guid":{"rendered":"http:\/\/armorhomesupplies.com\/?page_id=72"},"modified":"2023-08-29T15:54:46","modified_gmt":"2023-08-29T15:54:46","slug":"about-ahs","status":"publish","type":"page","link":"https:\/\/armorhomesupplies.com\/index.php\/about-ahs\/","title":{"rendered":"About AHS"},"content":{"rendered":"<div id=\"dslc-theme-content\"><div id=\"dslc-theme-content-inner\">\t\t<div data-elementor-type=\"wp-page\" data-elementor-id=\"72\" class=\"elementor elementor-72\">\n\t\t\t\t\t\t\t\t\t<section class=\"elementor-section elementor-top-section elementor-element elementor-element-e50308f elementor-section-boxed elementor-section-height-default elementor-section-height-default\" data-id=\"e50308f\" data-element_type=\"section\">\n\t\t\t\t\t\t<div class=\"elementor-container elementor-column-gap-default\">\n\t\t\t\t\t<div class=\"elementor-column elementor-col-50 elementor-top-column elementor-element elementor-element-a1e32d6\" data-id=\"a1e32d6\" data-element_type=\"column\">\n\t\t\t<div class=\"elementor-widget-wrap elementor-element-populated\">\n\t\t\t\t\t\t\t\t<div class=\"elementor-element elementor-element-18bf4fe elementor-widget__width-initial elementor-widget elementor-widget-text-editor\" data-id=\"18bf4fe\" data-element_type=\"widget\" data-widget_type=\"text-editor.default\">\n\t\t\t\t<div class=\"elementor-widget-container\">\n\t\t\t\t\t\t\t<p><!-- wp:paragraph --><\/p>\n<p>English<br \/><br \/>Armor Home Supplies is a puertorican, family owned company dedicated to sales and distribution of products for the cabinet making industry. Our mission is to provide quality products and distinguish ourselves for our excellent customer service. <br \/><br \/><\/p>\n<p><!-- \/wp:paragraph --><\/p>\t\t\t\t\t\t<\/div>\n\t\t\t\t<\/div>\n\t\t\t\t\t<\/div>\n\t\t<\/div>\n\t\t\t\t<div class=\"elementor-column elementor-col-50 elementor-top-column elementor-element elementor-element-609bcae\" data-id=\"609bcae\" data-element_type=\"column\">\n\t\t\t<div class=\"elementor-widget-wrap elementor-element-populated\">\n\t\t\t\t\t\t\t\t<div class=\"elementor-element elementor-element-891b83d elementor-widget__width-initial elementor-widget elementor-widget-text-editor\" data-id=\"891b83d\" data-element_type=\"widget\" data-widget_type=\"text-editor.default\">\n\t\t\t\t<div class=\"elementor-widget-container\">\n\t\t\t\t\t\t\t<p><!-- wp:paragraph --><\/p>\n<p>Espa\u00f1ol<br \/><br \/>Armor Home Supplies es una compa\u00f1ia familiar, netamente puertorrique\u00f1a dedicada a la venta y distribuci\u00f3n de materiales para la manufactura en la industria de la ebanisteria. <br \/>Nuestra misi\u00f3n es ofrecer productos de calidad y distinguirnos por un servicio al cliente de excelencia.<\/p>\n<p><!-- \/wp:paragraph --><\/p>\t\t\t\t\t\t<\/div>\n\t\t\t\t<\/div>\n\t\t\t\t\t<\/div>\n\t\t<\/div>\n\t\t\t\t\t\t\t<\/div>\n\t\t<\/section>\n\t\t\t\t<section class=\"elementor-section elementor-top-section elementor-element elementor-element-d3498b6 elementor-section-boxed elementor-section-height-default elementor-section-height-default\" data-id=\"d3498b6\" data-element_type=\"section\">\n\t\t\t\t\t\t<div class=\"elementor-container elementor-column-gap-default\">\n\t\t\t\t\t<div class=\"elementor-column elementor-col-100 elementor-top-column elementor-element elementor-element-c3df9d8\" data-id=\"c3df9d8\" data-element_type=\"column\">\n\t\t\t<div class=\"elementor-widget-wrap\">\n\t\t\t\t\t\t\t\t\t<\/div>\n\t\t<\/div>\n\t\t\t\t\t\t\t<\/div>\n\t\t<\/section>\n\t\t\t\t\t\t\t<\/div>\n\t\t<\/div><\/div>","protected":false},"excerpt":{"rendered":"<p>EnglishArmor Home Supplies is a puerto rican, family owned company dedicated to sales and distribution of products for the cabinet making industry. |Our mission is to provide quality products and distinguish ourselves for our excellent customer service. Espa\u00f1olArmor Home Supplies es una compa\u00f1ia familiar, netamente puertorrique\u00f1a dedicada a la venta [&hellip;]<\/p>\n","protected":false},"author":1,"featured_media":0,"parent":0,"menu_order":0,"comment_status":"closed","ping_status":"closed","template":"","meta":{"footnotes":""},"class_list":["post-72","page","type-page","status-publish","hentry"],"_links":{"self":[{"href":"https:\/\/armorhomesupplies.com\/index.php\/wp-json\/wp\/v2\/pages\/72","targetHints":{"allow":["GET"]}}],"collection":[{"href":"https:\/\/armorhomesupplies.com\/index.php\/wp-json\/wp\/v2\/pages"}],"about":[{"href":"https:\/\/armorhomesupplies.com\/index.php\/wp-json\/wp\/v2\/types\/page"}],"author":[{"embeddable":true,"href":"https:\/\/armorhomesupplies.com\/index.php\/wp-json\/wp\/v2\/users\/1"}],"replies":[{"embeddable":true,"href":"https:\/\/armorhomesupplies.com\/index.php\/wp-json\/wp\/v2\/comments?post=72"}],"version-history":[{"count":15,"href":"https:\/\/armorhomesupplies.com\/index.php\/wp-json\/wp\/v2\/pages\/72\/revisions"}],"predecessor-version":[{"id":617,"href":"https:\/\/armorhomesupplies.com\/index.php\/wp-json\/wp\/v2\/pages\/72\/revisions\/617"}],"wp:attachment":[{"href":"https:\/\/armorhomesupplies.com\/index.php\/wp-json\/wp\/v2\/media?parent=72"}],"curies":[{"name":"wp","href":"https:\/\/api.w.org\/{rel}","templated":true}]}}